{"id":3,"date":"2023-12-14T09:02:52","date_gmt":"2023-12-14T09:02:52","guid":{"rendered":"http:\/\/luquefusters.com\/?page_id=3"},"modified":"2024-01-22T16:04:07","modified_gmt":"2024-01-22T15:04:07","slug":"politica-de-privacidad","status":"publish","type":"page","link":"https:\/\/luquefusters.com\/es\/politica-de-privacidad\/","title":{"rendered":"Pol\u00edtica de privacidad"},"content":{"rendered":"<header class=\"entry-header ast-no-thumbnail\">\n<h1 class=\"entry-title\">Pol\u00edtica de privacidad<\/h1>\n<\/header>\n<div class=\"entry-content clear\">\n<header><strong>Carpinteros Luque<\/strong> Le informa sobre su Pol\u00edtica de Privacidad en relaci\u00f3n con el tratamiento y protecci\u00f3n de los datos personales de los usuarios y clientes que puedan ser recopilados a trav\u00e9s de la navegaci\u00f3n o la contrataci\u00f3n de servicios a trav\u00e9s del sitio web. <a href=\"http:\/\/luquefusters.com\/es\/\" target=\"_blank\" rel=\"noreferrer noopener\">luquefusters.com<\/a><\/header>\n<p>En este sentido, el Responsable del tratamiento garantiza el cumplimiento de la normativa vigente en materia de protecci\u00f3n de datos personales, tal y como se establece en la Ley Org\u00e1nica 3\/2018, de 5 de diciembre, de Protecci\u00f3n de Datos Personales y Garant\u00eda de los Derechos Digitales (LOPD GDD). Asimismo, cumple con el Reglamento (UE) 2016\/679 del Parlamento Europeo y del Consejo, de 27 de abril de 2016, relativo a la protecci\u00f3n de las personas f\u00edsicas (RGPD).<\/p>\n<p>El uso del sitio web implica la aceptaci\u00f3n de esta Pol\u00edtica de privacidad, as\u00ed como de los t\u00e9rminos incluidos en el Aviso legal.<\/p>\n<p>Identidad del responsable del tratamiento<\/p>\n<p><strong>Titular:<\/strong> Carpinteros Luque<br \/>\n<strong>N\u00famero de identificaci\u00f3n fiscal: <span style=\"font-weight: 400;\">Prohibido<\/span><\/strong><\/p>\n<p><strong>Residencia: <span style=\"font-weight: 400;\">Calle Riera G\u00e0rrap, 14, 17007 Girona<\/span><\/strong>, Espa\u00f1a<br \/>\n<strong>Correo electr\u00f3nico:<\/strong>\u00a0<a href=\"mailto:clinicadr.tr@gmail.com\">clinicadr.tr@gmail.com<\/a><br \/>\n<strong>Sitio web:<\/strong> <a href=\"http:\/\/luquefusters.com\/es\/\">luquefusters.com<\/a><\/p>\n<p>&nbsp;<\/p>\n<p><strong>Principios aplicados en el tratamiento de datos<\/strong><\/p>\n<p>En el tratamiento de sus datos personales, el Responsable del tratamiento aplicar\u00e1 los siguientes principios, que cumplen con los requisitos del nuevo Reglamento General de Protecci\u00f3n de Datos de la Uni\u00f3n Europea:<\/p>\n<p>Principio de legalidad, lealtad y transparencia: El Responsable del tratamiento siempre solicitar\u00e1 su consentimiento para el tratamiento de sus datos personales, que podr\u00e1 ser para uno o varios fines espec\u00edficos que le ser\u00e1n comunicados con total transparencia.<\/p>\n<p>Principio de minimizaci\u00f3n de datos: El responsable del tratamiento solo solicitar\u00e1 los datos estrictamente necesarios para la finalidad o finalidades para las que se solicitan.<\/p>\n<p>Principio de limitaci\u00f3n del plazo de conservaci\u00f3n: Los datos se conservar\u00e1n durante el tiempo estrictamente necesario para la finalidad o finalidades del tratamiento.<\/p>\n<p>El Responsable del tratamiento le informar\u00e1 del plazo de conservaci\u00f3n aplicable a cada finalidad. En el caso de las suscripciones, el Responsable del tratamiento revisar\u00e1 peri\u00f3dicamente las listas y eliminar\u00e1 aquellos registros que hayan permanecido inactivos durante un periodo de tiempo considerable.<\/p>\n<p>Principio de integridad y confidencialidad: Sus datos ser\u00e1n tratados de tal manera que se garantice su seguridad, confidencialidad e integridad. Debe saber que el Responsable del Tratamiento toma las precauciones necesarias para evitar el acceso no autorizado o el uso indebido de los datos de sus usuarios por parte de terceros.<\/p>\n<p>&nbsp;<\/p>\n<p><strong>Recopilaci\u00f3n de datos personales<\/strong><\/p>\n<p>Para navegar por el sitio web, no es necesario que facilite ning\u00fan dato personal. Los casos en los que s\u00ed debe facilitar sus datos personales son los siguientes:<\/p>\n<ul>\n<li>Poni\u00e9ndose en contacto con nosotros a trav\u00e9s de los formularios de contacto o enviando un correo electr\u00f3nico.<\/li>\n<li>Al dejar un comentario en un art\u00edculo o p\u00e1gina.<\/li>\n<li>Al suscribirse a un formulario de suscripci\u00f3n o bolet\u00edn informativo gestionado por el Responsable del tratamiento mediante MailChimp.<\/li>\n<\/ul>\n<p>&nbsp;<\/p>\n<p><strong>Sus derechos<\/strong><\/p>\n<p>El responsable del tratamiento le informa de que, en relaci\u00f3n con sus datos personales, usted tiene derecho a:<\/p>\n<ul>\n<li>Solicitar acceso a los datos almacenados.<\/li>\n<li>Solicitar una correcci\u00f3n o cancelaci\u00f3n.<\/li>\n<li>Solicitar la restricci\u00f3n del tratamiento de sus datos personales.<\/li>\n<li>Oponerse al tratamiento.<\/li>\n<li>Solicite la portabilidad de sus datos.<\/li>\n<\/ul>\n<p>El ejercicio de estos derechos es personal y, por lo tanto, debe ser ejercido directamente por el interesado, mediante una solicitud directa al responsable del tratamiento. Esto significa que cualquier cliente, suscriptor o colaborador que haya facilitado sus datos en cualquier momento puede ponerse en contacto con el responsable del tratamiento para solicitar informaci\u00f3n sobre los datos que posee y c\u00f3mo los ha obtenido, solicitar su rectificaci\u00f3n, solicitar la portabilidad de sus datos personales, oponerse al tratamiento, restringir su uso o solicitar la supresi\u00f3n de dichos datos de los registros del Responsable.<\/p>\n<p>Para ejercer sus derechos de acceso, rectificaci\u00f3n, cancelaci\u00f3n, portabilidad y oposici\u00f3n, debe enviar un correo electr\u00f3nico a\u00a0<a href=\"mailto:clinicadr.tr@gmail.com\">clinicadr.tr@gmail.com<\/a>\u00a0junto con una prueba de identidad v\u00e1lida, como una fotocopia del documento de identidad o equivalente.<\/p>\n<p>Tiene derecho a obtener una protecci\u00f3n judicial efectiva y a presentar una reclamaci\u00f3n ante la autoridad de control, en este caso la Agencia Espa\u00f1ola de Protecci\u00f3n de Datos, si considera que el tratamiento de los datos personales que le conciernen infringe el Reglamento.<\/p>\n<p>&nbsp;<\/p>\n<p><strong>Finalidad del tratamiento de datos personales<\/strong><\/p>\n<p>Cuando se conecta al sitio web para enviar un correo electr\u00f3nico al responsable del tratamiento, suscribirse a su bolet\u00edn informativo o celebrar un contrato, est\u00e1 proporcionando datos personales de los que es responsable el responsable del tratamiento. Esta informaci\u00f3n puede incluir datos personales como su direcci\u00f3n IP, nombre y apellidos, direcci\u00f3n f\u00edsica, direcci\u00f3n de correo electr\u00f3nico, n\u00famero de tel\u00e9fono y otra informaci\u00f3n. Al proporcionar esta informaci\u00f3n, usted da su consentimiento para que su informaci\u00f3n sea recopilada, utilizada, gestionada y almacenada por\u00a0<a href=\"http:\/\/superadmin.es\/\" target=\"_blank\" rel=\"noreferrer noopener\">superadmin.es<\/a>\u00a0, \u00fanicamente seg\u00fan se describe en el Aviso legal y en esta Pol\u00edtica de privacidad.<\/p>\n<p>Los datos personales y la finalidad del tratamiento por parte del responsable del tratamiento var\u00edan en funci\u00f3n del sistema de captura de informaci\u00f3n:<\/p>\n<ul>\n<li>Formularios de contacto: El responsable del tratamiento solicita datos personales, que pueden incluir su nombre y apellidos, direcci\u00f3n de correo electr\u00f3nico, n\u00famero de tel\u00e9fono y direcci\u00f3n del sitio web, con el fin de responder a sus consultas.<\/li>\n<\/ul>\n<p>Por ejemplo, el Responsable del tratamiento utiliza esos datos para responder a sus mensajes, consultas, quejas, comentarios o inquietudes que pueda tener en relaci\u00f3n con la informaci\u00f3n incluida en el sitio web, los servicios prestados a trav\u00e9s del sitio web, el tratamiento de sus datos personales, cuestiones relacionadas con los textos legales incluidos en el sitio web, as\u00ed como cualquier otra consulta que pueda tener y que no est\u00e9 sujeta a los t\u00e9rminos del sitio web o del contrato.<\/p>\n<ul>\n<li>Formularios de suscripci\u00f3n a contenidos: El Titular solicita los siguientes datos personales: nombre y apellidos, direcci\u00f3n de correo electr\u00f3nico, n\u00famero de tel\u00e9fono y direcci\u00f3n de su sitio web para gestionar la lista de suscriptores y enviar boletines informativos, promociones y ofertas especiales.<\/li>\n<li>Los datos que facilite al responsable del tratamiento se alojar\u00e1n en los servidores de The Rocket Science Group LLC d\/b\/a, con domicilio social en EE. UU. (Mailchimp).<\/li>\n<\/ul>\n<p>Existen otros fines para los que el Responsable del tratamiento trata sus datos personales:<\/p>\n<ul>\n<li>Garantizar el cumplimiento de los t\u00e9rminos establecidos en el Aviso Legal y en la legislaci\u00f3n aplicable. Esto puede incluir el desarrollo de herramientas y algoritmos que ayuden a este sitio web a garantizar la confidencialidad de los datos personales que recopila.<\/li>\n<li>Para respaldar y mejorar los servicios ofrecidos por este sitio web.<\/li>\n<li>Analizar la navegaci\u00f3n. El Responsable del tratamiento recopila otros datos no identificativos obtenidos mediante el uso de cookies descargadas en su ordenador cuando navega por el sitio web, cuyas caracter\u00edsticas y finalidad se detallan en la Pol\u00edtica de cookies.<\/li>\n<li>Para gestionar las redes sociales. El Responsable del tratamiento est\u00e1 presente en las redes sociales. Si usted sigue al Responsable del tratamiento en las redes sociales, el tratamiento de los datos personales se regir\u00e1 por esta secci\u00f3n, as\u00ed como por las condiciones de uso, las pol\u00edticas de privacidad y las normas de acceso aplicables a la red social correspondiente en cada caso, que usted habr\u00e1 aceptado previamente.<\/li>\n<\/ul>\n<p>&nbsp;<\/p>\n<p><strong>Seguridad de los datos personales<\/strong><\/p>\n<p>Para proteger sus datos personales, el responsable del tratamiento toma todas las precauciones razonables y sigue las mejores pr\u00e1cticas del sector para evitar su p\u00e9rdida, uso indebido, acceso no autorizado, divulgaci\u00f3n, alteraci\u00f3n o destrucci\u00f3n.<\/p>\n<p>El sitio web est\u00e1 alojado por Arsys. La seguridad de tus datos est\u00e1 garantizada, ya que toman todas las medidas de seguridad necesarias. Puedes consultar su pol\u00edtica de privacidad para obtener m\u00e1s informaci\u00f3n.<\/p>\n<p>&nbsp;<\/p>\n<p><strong>Contenido de otros sitios web<\/strong><\/p>\n<p>Las p\u00e1ginas de este sitio web pueden incluir contenido incrustado (por ejemplo, v\u00eddeos, im\u00e1genes, art\u00edculos, etc.). El contenido incrustado de otros sitios web se comporta exactamente igual que si usted hubiera visitado el otro sitio web.<\/p>\n<p>Estos sitios web pueden recopilar datos sobre usted, utilizar cookies, incorporar c\u00f3digo de seguimiento adicional de terceros y supervisar su interacci\u00f3n mediante este c\u00f3digo.<\/p>\n<p>&nbsp;<\/p>\n<p><strong>Pol\u00edtica de cookies<\/strong><\/p>\n<p>Para que este sitio web funcione correctamente, necesita utilizar cookies, que son datos almacenados en su navegador web.<\/p>\n<p>En la p\u00e1gina Pol\u00edtica de cookies encontrar\u00e1 toda la informaci\u00f3n relativa a la pol\u00edtica de recopilaci\u00f3n, finalidad y tratamiento de las cookies.<\/p>\n<p>&nbsp;<\/p>\n<p><strong>Legitimidad para el tratamiento de datos<\/strong><\/p>\n<p>La base legal para el tratamiento de sus datos es el consentimiento.<\/p>\n<p>Para ponerse en contacto con el responsable del tratamiento, suscribirse a un bolet\u00edn informativo o dejar comentarios en este sitio web, debe aceptar esta Pol\u00edtica de privacidad.<\/p>\n<p>&nbsp;<\/p>\n<p><strong>Categor\u00edas de datos personales<\/strong><\/p>\n<p>Las categor\u00edas de datos personales tratados por el Responsable del tratamiento son:<\/p>\n<ul>\n<li>Datos identificativos.<\/li>\n<li>Conservaci\u00f3n de datos personales<\/li>\n<li>Los datos personales que facilite al responsable del tratamiento se conservar\u00e1n hasta que solicite su supresi\u00f3n.<\/li>\n<li>Destinatarios de los datos personales<\/li>\n<\/ul>\n<p>&nbsp;<\/p>\n<p><strong>Navegaci\u00f3n web<\/strong><\/p>\n<p>Al navegar por <a href=\"http:\/\/luquefusters.com\/es\/\" target=\"_blank\" rel=\"noreferrer noopener\">luquefusters.com<\/a>\u00a0Se pueden recopilar datos no identificables, que pueden incluir su direcci\u00f3n IP, geolocalizaci\u00f3n, un registro de c\u00f3mo utiliza los servicios y sitios web, h\u00e1bitos de navegaci\u00f3n y otros datos que no pueden utilizarse para identificarle.<\/p>\n<p>El sitio web utiliza los siguientes servicios de an\u00e1lisis de terceros:<\/p>\n<ul>\n<li>Google Analytics<\/li>\n<li>DoubleClick de Google<\/li>\n<\/ul>\n<p>El responsable del tratamiento utiliza la informaci\u00f3n obtenida para recopilar datos estad\u00edsticos, analizar tendencias, administrar el sitio, estudiar patrones de navegaci\u00f3n y recopilar informaci\u00f3n demogr\u00e1fica.<\/p>\n<p>&nbsp;<\/p>\n<p><strong>Exactitud y veracidad de los datos personales<\/strong><\/p>\n<p>Usted se compromete a que los datos facilitados al Responsable del tratamiento sean correctos, completos, exactos y actualizados, y a mantenerlos debidamente actualizados.<\/p>\n<p>Como usuario del sitio web, usted es el \u00fanico responsable de la veracidad y exactitud de los datos que env\u00ede al sitio, eximiendo as\u00ed al propietario de cualquier responsabilidad al respecto.<\/p>\n<p>&nbsp;<\/p>\n<p><strong>Aceptaci\u00f3n y consentimiento<\/strong><\/p>\n<p>Como usuario del sitio web, usted declara haber sido informado de las condiciones relativas a la protecci\u00f3n de datos personales, y acepta y consiente su tratamiento por parte del Responsable del tratamiento en la forma y para los fines establecidos en la presente Pol\u00edtica de privacidad.<\/p>\n<p>&nbsp;<\/p>\n<p><strong>Revocabilidad<\/strong><\/p>\n<p>Para ejercer sus derechos de acceso, rectificaci\u00f3n, cancelaci\u00f3n, portabilidad y oposici\u00f3n, debe enviar un correo electr\u00f3nico a <a href=\"mailto:clinicadr.tr@gmail.com\">Lukefusters<\/a><a href=\"mailto:luquefusters@gmail.com\">En Gmail punto com<\/a>\u00a0junto con una prueba de identidad v\u00e1lida, como una fotocopia del documento de identidad o equivalente.<\/p>\n<p>El ejercicio de sus derechos no incluye los datos que el responsable del tratamiento est\u00e9 obligado a conservar por motivos administrativos, legales o de seguridad.<\/p>\n<p>&nbsp;<\/p>\n<p><strong>Cambios en la Pol\u00edtica de privacidad<\/strong><\/p>\n<p>El Responsable del tratamiento se reserva el derecho a modificar la presente Pol\u00edtica de privacidad para adaptarla a la nueva legislaci\u00f3n o jurisprudencia, as\u00ed como a las pr\u00e1cticas del sector.<\/p>\n<p>Estas pol\u00edticas permanecer\u00e1n vigentes hasta que sean modificadas por otras debidamente publicadas.<\/p>\n<\/div>","protected":false},"excerpt":{"rendered":"<p>Pol\u00edtica de privacidad Luque Fusters te informa sobre su Pol\u00edtica de Privacidad respecto del tratamiento y protecci\u00f3n de los datos de car\u00e1cter personal de los usuarios y clientes que puedan ser recabados por la navegaci\u00f3n o contrataci\u00f3n de servicios a trav\u00e9s del sitio Web luquefusters.com En este sentido, el Titular garantiza el cumplimiento de la [&hellip;]<\/p>\n","protected":false},"author":1,"featured_media":0,"parent":0,"menu_order":0,"comment_status":"closed","ping_status":"open","template":"","meta":{"site-sidebar-layout":"default","site-content-layout":"","ast-site-content-layout":"default","site-content-style":"default","site-sidebar-style":"default","ast-global-header-display":"","ast-banner-title-visibility":"","ast-main-header-display":"","ast-hfb-above-header-display":"","ast-hfb-below-header-display":"","ast-hfb-mobile-header-display":"","site-post-title":"","ast-breadcrumbs-content":"","ast-featured-img":"","footer-sml-layout":"","ast-disable-related-posts":"","theme-transparent-header-meta":"default","adv-header-id-meta":"","stick-header-meta":"","header-above-stick-meta":"","header-main-stick-meta":"","header-below-stick-meta":"","astra-migrate-meta-layouts":"set","ast-page-background-enabled":"default","ast-page-background-meta":{"desktop":{"background-color":"","background-image":"","background-repeat":"repeat","background-position":"center center","background-size":"auto","background-attachment":"scroll","background-type":"","background-media":"","overlay-type":"","overlay-color":"","overlay-opacity":"","overlay-gradient":""},"tablet":{"background-color":"","background-image":"","background-repeat":"repeat","background-position":"center center","background-size":"auto","background-attachment":"scroll","background-type":"","background-media":"","overlay-type":"","overlay-color":"","overlay-opacity":"","overlay-gradient":""},"mobile":{"background-color":"","background-image":"","background-repeat":"repeat","background-position":"center center","background-size":"auto","background-attachment":"scroll","background-type":"","background-media":"","overlay-type":"","overlay-color":"","overlay-opacity":"","overlay-gradient":""}},"ast-content-background-meta":{"desktop":{"background-color":"var(--ast-global-color-5)","background-image":"","background-repeat":"repeat","background-position":"center center","background-size":"auto","background-attachment":"scroll","background-type":"","background-media":"","overlay-type":"","overlay-color":"","overlay-opacity":"","overlay-gradient":""},"tablet":{"background-color":"var(--ast-global-color-5)","background-image":"","background-repeat":"repeat","background-position":"center center","background-size":"auto","background-attachment":"scroll","background-type":"","background-media":"","overlay-type":"","overlay-color":"","overlay-opacity":"","overlay-gradient":""},"mobile":{"background-color":"var(--ast-global-color-5)","background-image":"","background-repeat":"repeat","background-position":"center center","background-size":"auto","background-attachment":"scroll","background-type":"","background-media":"","overlay-type":"","overlay-color":"","overlay-opacity":"","overlay-gradient":""}},"footnotes":""},"class_list":["post-3","page","type-page","status-publish","hentry"],"_links":{"self":[{"href":"https:\/\/luquefusters.com\/es\/wp-json\/wp\/v2\/pages\/3","targetHints":{"allow":["GET"]}}],"collection":[{"href":"https:\/\/luquefusters.com\/es\/wp-json\/wp\/v2\/pages"}],"about":[{"href":"https:\/\/luquefusters.com\/es\/wp-json\/wp\/v2\/types\/page"}],"author":[{"embeddable":true,"href":"https:\/\/luquefusters.com\/es\/wp-json\/wp\/v2\/users\/1"}],"replies":[{"embeddable":true,"href":"https:\/\/luquefusters.com\/es\/wp-json\/wp\/v2\/comments?post=3"}],"version-history":[{"count":3,"href":"https:\/\/luquefusters.com\/es\/wp-json\/wp\/v2\/pages\/3\/revisions"}],"predecessor-version":[{"id":2181,"href":"https:\/\/luquefusters.com\/es\/wp-json\/wp\/v2\/pages\/3\/revisions\/2181"}],"wp:attachment":[{"href":"https:\/\/luquefusters.com\/es\/wp-json\/wp\/v2\/media?parent=3"}],"curies":[{"name":"WordPress","href":"https:\/\/api.w.org\/{rel}","templated":true}]}}