{"id":1928,"date":"2024-01-10T13:45:05","date_gmt":"2024-01-10T12:45:05","guid":{"rendered":"https:\/\/luquefusters.com\/?page_id=1928"},"modified":"2024-01-10T13:45:05","modified_gmt":"2024-01-10T12:45:05","slug":"politica-de-cookies","status":"publish","type":"page","link":"https:\/\/luquefusters.com\/es\/politica-de-cookies\/","title":{"rendered":"Pol\u00edtica de cookies"},"content":{"rendered":"<header class=\"entry-header\">\n<h1 class=\"entry-title\">Pol\u00edtica de cookies<\/h1>\n<\/header>\n<div class=\"entry-content clear\">\n<p>Esta Pol\u00edtica de cookies explica qu\u00e9 son las cookies y c\u00f3mo las utilizamos. Debe leer esta pol\u00edtica para comprender qu\u00e9 son las cookies, c\u00f3mo las utilizamos, los tipos de cookies que utilizamos, es decir, la informaci\u00f3n que recopilamos mediante las cookies y c\u00f3mo se utiliza dicha informaci\u00f3n, y c\u00f3mo gestionar sus preferencias en materia de cookies. Para obtener m\u00e1s informaci\u00f3n sobre c\u00f3mo utilizamos, almacenamos y mantenemos la seguridad de sus datos personales, consulte nuestra Pol\u00edtica de privacidad.<\/p>\n<p>Puede modificar o retirar su consentimiento a la Pol\u00edtica de cookies de nuestro sitio web en cualquier momento.<\/p>\n<p>Descubre m\u00e1s sobre qui\u00e9nes somos, c\u00f3mo puedes contactarnos y c\u00f3mo procesamos los datos personales en nuestro\u00a0<a href=\"https:\/\/luquefusters.com\/es\/politica-de-privacidad\/\">Pol\u00edtica de privacidad<\/a>.<\/p>\n<p>Su consentimiento se aplica a los siguientes dominios:\u00a0<a href=\"https:\/\/luquefusters.com\/es\/\" target=\"_blank\" rel=\"noreferrer noopener\">https:\/\/luquefusters.com\/<\/a><\/p>\n<p>Su estado actual: Consentimiento aceptado.<\/p>\n<h3><\/h3>\n<h3 class=\"wp-block-heading\">\u00bfQu\u00e9 son las cookies?<\/h3>\n<p>Las cookies son peque\u00f1os archivos de texto que se utilizan para almacenar peque\u00f1os fragmentos de informaci\u00f3n. Las cookies se almacenan en su dispositivo cuando el sitio web se carga en su navegador. Estas cookies nos ayudan a que el sitio web funcione correctamente, a hacerlo m\u00e1s seguro, a proporcionar una mejor experiencia al usuario y a comprender c\u00f3mo funciona el sitio web, as\u00ed como a analizar qu\u00e9 funciona y qu\u00e9 aspectos deben mejorarse.<\/p>\n<h3><\/h3>\n<h3 class=\"wp-block-heading\">\u00bfC\u00f3mo los utilizamos?<\/h3>\n<p>Al igual que la mayor\u00eda de los servicios en l\u00ednea, nuestro sitio web utiliza cookies propias y de terceros para diversos fines. Las cookies propias son necesarias principalmente para que el sitio web funcione correctamente y no recopilan ninguna informaci\u00f3n personal identificable.<\/p>\n<p>Las cookies de terceros utilizadas en nuestros sitios web se utilizan principalmente para comprender el rendimiento del sitio web, c\u00f3mo interact\u00faa con nuestro sitio web, mantener la seguridad de nuestros servicios, proporcionarle anuncios que sean relevantes para usted y, en general, proporcionarle una experiencia de usuario cada vez mejor y ayudar a acelerar sus futuras interacciones con nuestro sitio web.<\/p>\n<h3><\/h3>\n<h3 class=\"wp-block-heading\">\u00bfQu\u00e9 tipo de cookies utilizamos?<\/h3>\n<p>Imprescindibles: algunas cookies son imprescindibles para que puedas disfrutar de todas las funciones de nuestro sitio web. Nos permiten mantener las sesiones de los usuarios y prevenir amenazas de seguridad. No recopilan ni almacenan ninguna informaci\u00f3n personal. Por ejemplo, estas cookies te permiten iniciar sesi\u00f3n en tu cuenta, a\u00f1adir productos a tu cesta y pagar de forma segura.<\/p>\n<p>Estad\u00edsticas: estas cookies almacenan informaci\u00f3n como el n\u00famero de visitantes del sitio web, el n\u00famero de visitantes \u00fanicos, las p\u00e1ginas del sitio web que se han visitado, el origen de la visita, etc. Estos datos nos ayudan a comprender y analizar el rendimiento del sitio web y los aspectos que deben mejorarse.<\/p>\n<p>Marketing: Nuestro sitio web muestra anuncios. Estas cookies se utilizan para personalizar los anuncios que le mostramos, de modo que sean relevantes para usted. Estas cookies tambi\u00e9n nos ayudan a realizar un seguimiento de la eficacia de estas campa\u00f1as publicitarias.<\/p>\n<p>La informaci\u00f3n almacenada en estas cookies tambi\u00e9n puede ser utilizada por terceros proveedores de publicidad para mostrarle anuncios en otros sitios web en su navegador.<\/p>\n<p>Funcionales: Son las cookies que ayudan con ciertas funciones no esenciales de nuestro sitio web. Estas funciones incluyen la incorporaci\u00f3n de contenido, como v\u00eddeos, o el intercambio de contenido del sitio web en plataformas de redes sociales.<\/p>\n<p>Preferencias: estas cookies nos ayudan a almacenar su configuraci\u00f3n y preferencias de navegaci\u00f3n, como las preferencias de idioma, para que disfrute de una experiencia mejor y m\u00e1s eficiente en futuras visitas al sitio web.<\/p>\n<h3><\/h3>\n<h3 class=\"wp-block-heading\">\u00bfC\u00f3mo puedo cambiar mis preferencias?<\/h3>\n<p>Si decide cambiar sus preferencias m\u00e1s adelante durante su sesi\u00f3n de navegaci\u00f3n, puede hacer clic en la pesta\u00f1a \u201cPol\u00edtica de privacidad y cookies\u201d de su pantalla. Esto volver\u00e1 a mostrar el aviso de consentimiento, lo que le permitir\u00e1 cambiar sus preferencias o retirar su consentimiento por completo.<\/p>\n<p>Adem\u00e1s, los diferentes navegadores ofrecen distintos m\u00e9todos para bloquear y eliminar las cookies utilizadas por los sitios web. Puede cambiar la configuraci\u00f3n de su navegador para bloquear o eliminar las cookies. Para obtener m\u00e1s informaci\u00f3n sobre c\u00f3mo gestionar y eliminar las cookies, visite\u00a0<a href=\"https:\/\/wikipedia.org\/\" target=\"_blank\" rel=\"noreferrer noopener\">Wikipedia.org<\/a>,\u00a0<a href=\"http:\/\/www.allaboutcookies.org\/\" target=\"_blank\" rel=\"noreferrer noopener\">www.allaboutcookies.org<\/a>.<\/p>\n<\/div>","protected":false},"excerpt":{"rendered":"<p>Pol\u00edtica de cookies Esta Pol\u00edtica de cookies explica qu\u00e9 son las cookies y c\u00f3mo las usamos. Debe leer esta pol\u00edtica para comprender qu\u00e9 son las cookies, c\u00f3mo las utilizamos, los tipos de cookies que utilizamos, es decir, la informaci\u00f3n que recopilamos utilizando cookies y c\u00f3mo se utiliza esa informaci\u00f3n y c\u00f3mo controlar las preferencias de [&hellip;]<\/p>\n","protected":false},"author":1,"featured_media":0,"parent":0,"menu_order":0,"comment_status":"closed","ping_status":"closed","template":"","meta":{"site-sidebar-layout":"default","site-content-layout":"","ast-site-content-layout":"default","site-content-style":"default","site-sidebar-style":"default","ast-global-header-display":"","ast-banner-title-visibility":"","ast-main-header-display":"","ast-hfb-above-header-display":"","ast-hfb-below-header-display":"","ast-hfb-mobile-header-display":"","site-post-title":"","ast-breadcrumbs-content":"","ast-featured-img":"","footer-sml-layout":"","ast-disable-related-posts":"","theme-transparent-header-meta":"default","adv-header-id-meta":"","stick-header-meta":"","header-above-stick-meta":"","header-main-stick-meta":"","header-below-stick-meta":"","astra-migrate-meta-layouts":"set","ast-page-background-enabled":"default","ast-page-background-meta":{"desktop":{"background-color":"","background-image":"","background-repeat":"repeat","background-position":"center center","background-size":"auto","background-attachment":"scroll","background-type":"","background-media":"","overlay-type":"","overlay-color":"","overlay-opacity":"","overlay-gradient":""},"tablet":{"background-color":"","background-image":"","background-repeat":"repeat","background-position":"center center","background-size":"auto","background-attachment":"scroll","background-type":"","background-media":"","overlay-type":"","overlay-color":"","overlay-opacity":"","overlay-gradient":""},"mobile":{"background-color":"","background-image":"","background-repeat":"repeat","background-position":"center center","background-size":"auto","background-attachment":"scroll","background-type":"","background-media":"","overlay-type":"","overlay-color":"","overlay-opacity":"","overlay-gradient":""}},"ast-content-background-meta":{"desktop":{"background-color":"var(--ast-global-color-5)","background-image":"","background-repeat":"repeat","background-position":"center center","background-size":"auto","background-attachment":"scroll","background-type":"","background-media":"","overlay-type":"","overlay-color":"","overlay-opacity":"","overlay-gradient":""},"tablet":{"background-color":"var(--ast-global-color-5)","background-image":"","background-repeat":"repeat","background-position":"center center","background-size":"auto","background-attachment":"scroll","background-type":"","background-media":"","overlay-type":"","overlay-color":"","overlay-opacity":"","overlay-gradient":""},"mobile":{"background-color":"var(--ast-global-color-5)","background-image":"","background-repeat":"repeat","background-position":"center center","background-size":"auto","background-attachment":"scroll","background-type":"","background-media":"","overlay-type":"","overlay-color":"","overlay-opacity":"","overlay-gradient":""}},"footnotes":""},"class_list":["post-1928","page","type-page","status-publish","hentry"],"_links":{"self":[{"href":"https:\/\/luquefusters.com\/es\/wp-json\/wp\/v2\/pages\/1928","targetHints":{"allow":["GET"]}}],"collection":[{"href":"https:\/\/luquefusters.com\/es\/wp-json\/wp\/v2\/pages"}],"about":[{"href":"https:\/\/luquefusters.com\/es\/wp-json\/wp\/v2\/types\/page"}],"author":[{"embeddable":true,"href":"https:\/\/luquefusters.com\/es\/wp-json\/wp\/v2\/users\/1"}],"replies":[{"embeddable":true,"href":"https:\/\/luquefusters.com\/es\/wp-json\/wp\/v2\/comments?post=1928"}],"version-history":[{"count":1,"href":"https:\/\/luquefusters.com\/es\/wp-json\/wp\/v2\/pages\/1928\/revisions"}],"predecessor-version":[{"id":1929,"href":"https:\/\/luquefusters.com\/es\/wp-json\/wp\/v2\/pages\/1928\/revisions\/1929"}],"wp:attachment":[{"href":"https:\/\/luquefusters.com\/es\/wp-json\/wp\/v2\/media?parent=1928"}],"curies":[{"name":"WordPress","href":"https:\/\/api.w.org\/{rel}","templated":true}]}}