{"id":1925,"date":"2024-01-10T13:42:19","date_gmt":"2024-01-10T12:42:19","guid":{"rendered":"https:\/\/luquefusters.com\/?page_id=1925"},"modified":"2024-01-22T16:01:08","modified_gmt":"2024-01-22T15:01:08","slug":"aviso-legal","status":"publish","type":"page","link":"https:\/\/luquefusters.com\/es\/aviso-legal\/","title":{"rendered":"Aviso legal"},"content":{"rendered":"<header class=\"entry-header\">\n<h1 class=\"entry-title\">Aviso legal<\/h1>\n<\/header>\n<div class=\"entry-content clear\">\n<p><strong>Identificaci\u00f3n y propiedad<\/strong><\/p>\n<p>En cumplimiento del art\u00edculo 10 de la Ley 34\/2002, de 11 de julio, de Servicios de la Sociedad de la Informaci\u00f3n y de Comercio Electr\u00f3nico, el Titular informa de sus datos identificativos.<\/p>\n<p>&nbsp;<\/p>\n<p>Luque Fusters<\/p>\n<p>CIF: <span style=\"font-weight: 400;\">Prohibido<\/span><br \/>\nDirecci\u00f3n: Calle Riera G\u00e0rrap, 14, 17007 Girona, Espa\u00f1a<br \/>\nCorreo electr\u00f3nico: <a href=\"mailto:luquefusters@gmail.com\">luquefusters@gmail.com<\/a><br \/>\nSitio web:\u00a0<a href=\"https:\/\/luquefusters.com\/es\/\" target=\"_blank\" rel=\"noreferrer noopener\">https:\/\/luquefusters.com\/<\/a><\/p>\n<p>&nbsp;<\/p>\n<p><strong>Prop\u00f3sito<\/strong><\/p>\n<p>El prop\u00f3sito del sitio web\u00a0<a href=\"https:\/\/luquefusters.com\/es\/\" target=\"_blank\" rel=\"noreferrer noopener\">https:\/\/luquefusters.com\/<\/a><\/p>\n<p>&nbsp;<\/p>\n<p><strong>Condiciones de uso<\/strong><\/p>\n<p>El uso del sitio web confiere la condici\u00f3n de Usuario e implica la plena aceptaci\u00f3n de todas las cl\u00e1usulas y condiciones de uso incluidas en las p\u00e1ginas:<\/p>\n<ul>\n<li>Aviso legal<\/li>\n<li>Pol\u00edtica de privacidad<\/li>\n<li>Pol\u00edtica de cookies<\/li>\n<\/ul>\n<p>Si no est\u00e1 de acuerdo con todos y cada uno de estos t\u00e9rminos y condiciones, le rogamos que se abstenga de utilizar este sitio web.<\/p>\n<p>El acceso a este sitio web no implica en modo alguno el inicio de una relaci\u00f3n comercial con el Propietario.<\/p>\n<p>A trav\u00e9s de este sitio web, el Propietario le proporciona acceso y uso de diversos contenidos que el Propietario o sus colaboradores han publicado a trav\u00e9s de Internet.<\/p>\n<p>A tal fin, usted se obliga y compromete a NO utilizar ninguno de los contenidos del sitio web con fines o efectos il\u00edcitos, prohibidos en este Aviso Legal o por la legislaci\u00f3n vigente, lesivos de los derechos e intereses de terceros, o que de cualquier forma puedan causar da\u00f1os, inutilizar, sobrecargar, degradar o impedir el uso normal de los contenidos, equipos inform\u00e1ticos o documentos, archivos y todo tipo de contenidos almacenados en cualquier equipo inform\u00e1tico propiedad o contratado por el Titular, por otros usuarios o por cualquier usuario de Internet.<\/p>\n<p>&nbsp;<\/p>\n<p><strong>Comentarios\u00a0<\/strong><\/p>\n<p>El Propietario se reserva el derecho de eliminar cualquier comentario que infrinja la legislaci\u00f3n vigente, vulnere los derechos o intereses de terceros o que, en su opini\u00f3n, no sea adecuado para su publicaci\u00f3n.<\/p>\n<p>El Responsable del tratamiento no se hace responsable de las opiniones expresadas por los usuarios a trav\u00e9s del sistema de comentarios, redes sociales u otras herramientas de participaci\u00f3n, de conformidad con la legislaci\u00f3n aplicable.<\/p>\n<p>&nbsp;<\/p>\n<p><strong>Mayor\u00eda de edad<\/strong><\/p>\n<p>Debe tener al menos 18 a\u00f1os para utilizar los servicios ofrecidos por el Responsable del tratamiento, o la mayor\u00eda de edad exigida por su pa\u00eds para registrarse o utilizar el sitio web. Si reside en un pa\u00eds fuera de la regi\u00f3n europea, debe tener al menos 13 a\u00f1os para utilizar el sitio web, o la mayor\u00eda de edad exigida por su pa\u00eds para registrarse o utilizarlo.<\/p>\n<p>Adem\u00e1s de tener la edad m\u00ednima requerida para utilizar el sitio web seg\u00fan la legislaci\u00f3n aplicable, si no tienes la edad suficiente para aceptar nuestros t\u00e9rminos en tu pa\u00eds, tus padres o tutores deber\u00e1n aceptarlos en tu nombre.<\/p>\n<p>&nbsp;<\/p>\n<p><strong>Medidas de seguridad<\/strong><\/p>\n<p>Los datos personales que facilite al Responsable del tratamiento podr\u00e1n ser almacenados en bases de datos automatizadas o no automatizadas, cuya titularidad exclusiva corresponde al Responsable del tratamiento, quien adopta todas las medidas t\u00e9cnicas, organizativas y de seguridad necesarias para garantizar la confidencialidad, integridad y calidad de la informaci\u00f3n contenida en las mismas, de conformidad con lo establecido en la normativa aplicable en materia de protecci\u00f3n de datos.<\/p>\n<p>No obstante, debe tener en cuenta que las medidas de seguridad de los sistemas inform\u00e1ticos en Internet no son totalmente fiables y, por lo tanto, el Titular no puede garantizar la ausencia de virus u otros elementos que puedan causar alteraciones en los sistemas inform\u00e1ticos del Usuario (software y hardware) o en sus documentos electr\u00f3nicos y archivos contenidos en los mismos, aunque el Titular utilice todos los medios necesarios y adopte las medidas de seguridad adecuadas para evitar la presencia de dichos elementos da\u00f1inos.<\/p>\n<p>&nbsp;<\/p>\n<p><strong>Datos personales<\/strong><\/p>\n<p>Puede consultar toda la informaci\u00f3n relativa al tratamiento de los datos personales recopilados por el Responsable del tratamiento en la p\u00e1gina Pol\u00edtica de privacidad.<\/p>\n<p>&nbsp;<\/p>\n<p><strong>Contenido<\/strong><\/p>\n<p>El Propietario ha obtenido la informaci\u00f3n, los contenidos multimedia y los materiales incluidos en el sitio web de fuentes que considera fiables, pero, aunque ha tomado todas las medidas razonables para garantizar que la informaci\u00f3n contenida sea correcta, el Propietario no garantiza que sea exacta, completa o actualizada. El Propietario declina expresamente cualquier responsabilidad por los errores u omisiones en la informaci\u00f3n contenida en las p\u00e1ginas de este sitio web.<\/p>\n<p>Queda prohibido transmitir o enviar a trav\u00e9s del sitio web cualquier contenido ilegal o il\u00edcito, virus inform\u00e1ticos o mensajes que, en general, afecten o vulneren los derechos del propietario o de terceros.<\/p>\n<p>El contenido del sitio web tiene fines meramente informativos y, salvo que se indique expresamente lo contrario, en ning\u00fan caso debe utilizarse ni considerarse como una oferta de venta, una solicitud de oferta de compra o una recomendaci\u00f3n para realizar cualquier otra transacci\u00f3n.<\/p>\n<p>El Propietario se reserva el derecho de modificar, suspender, cancelar o restringir el contenido del Sitio Web, los enlaces o la informaci\u00f3n obtenida a trav\u00e9s del Sitio Web, sin previo aviso.<\/p>\n<p>El Propietario no se hace responsable de los da\u00f1os o p\u00e9rdidas que puedan derivarse del uso de la informaci\u00f3n contenida en el sitio web o en las redes sociales del Propietario.<\/p>\n<p>&nbsp;<\/p>\n<p><strong>Pol\u00edtica de cookies<\/strong><\/p>\n<p>En la p\u00e1gina Pol\u00edtica de cookies encontrar\u00e1 toda la informaci\u00f3n relativa a la pol\u00edtica de recopilaci\u00f3n y tratamiento de cookies.<\/p>\n<p>El responsable del tratamiento solo obtiene y conserva la siguiente informaci\u00f3n sobre los visitantes del sitio web:<\/p>\n<ul>\n<li>El nombre de dominio (PSI) y\/o la direcci\u00f3n IP del proveedor que le da acceso a la red.<\/li>\n<li>La fecha y hora de acceso al sitio web.<\/li>\n<li>La direcci\u00f3n de Internet de origen del enlace que conduce al sitio web.<\/li>\n<li>El n\u00famero de visitantes diarios a cada secci\u00f3n.<\/li>\n<li>La informaci\u00f3n obtenida es completamente an\u00f3nima y en ning\u00fan caso puede asociarse con un usuario espec\u00edfico e identificado.<\/li>\n<li>Enlaces \u00fatiles a otros sitios web<\/li>\n<\/ul>\n<p>El Responsable del tratamiento puede proporcionar acceso a sitios web de terceros a trav\u00e9s de enlaces con el fin de informarle de la existencia de otras fuentes de informaci\u00f3n en Internet donde puede ampliar los datos ofrecidos en el sitio web.<\/p>\n<p>Estos enlaces a otros sitios web no implican en modo alguno una sugerencia o recomendaci\u00f3n de que visite los sitios web de destino, que est\u00e1n fuera del control del Propietario, y el Propietario no se hace responsable del contenido de los sitios web enlazados ni del resultado que obtenga al seguir los enlaces.<\/p>\n<p>Adem\u00e1s, el Responsable del tratamiento no se hace responsable de los enlaces o hiperv\u00ednculos que aparezcan en los sitios web enlazados a los que da acceso.<\/p>\n<p>El establecimiento de un enlace no implicar\u00e1 en ning\u00fan caso la existencia de relaci\u00f3n alguna entre el Propietario y el propietario del sitio en el que se establezca el enlace, ni la aceptaci\u00f3n o aprobaci\u00f3n por parte del Propietario de sus contenidos o servicios.<\/p>\n<p>Si accede a un sitio web externo a trav\u00e9s de un enlace que se encuentra en este sitio web, debe leer la pol\u00edtica de privacidad del otro sitio web, que puede diferir de la de este sitio web.<\/p>\n<p>&nbsp;<\/p>\n<p><strong>Propiedad intelectual e industrial<\/strong><\/p>\n<p>Todos los derechos reservados.<\/p>\n<p>Todo acceso a este sitio web est\u00e1 sujeto a las siguientes condiciones: queda expresamente prohibida la reproducci\u00f3n, el almacenamiento permanente y la difusi\u00f3n de los contenidos, o cualquier otro uso con fines p\u00fablicos o comerciales, sin el consentimiento previo y expreso por escrito del Propietario.<\/p>\n<p>&nbsp;<\/p>\n<p><strong>Limitaci\u00f3n de responsabilidad<\/strong><\/p>\n<p>La informaci\u00f3n y los servicios incluidos o disponibles a trav\u00e9s de este sitio web pueden contener inexactitudes o errores tipogr\u00e1ficos. El Propietario incorpora peri\u00f3dicamente mejoras y\/o cambios en la informaci\u00f3n contenida y\/o los servicios, que pueden introducirse en cualquier momento.<\/p>\n<p>El Propietario no declara ni garantiza que los servicios o contenidos sean ininterrumpidos o est\u00e9n libres de errores, que los defectos sean corregidos, o que el servicio o el servidor que lo hace disponible est\u00e9n libres de virus u otros componentes da\u00f1inos, a pesar de los esfuerzos del Propietario para prevenir tales incidentes.<\/p>\n<p>El Propietario declina toda responsabilidad en caso de interrupciones o mal funcionamiento de los servicios o contenidos ofrecidos en Internet, cualquiera que sea la causa. Del mismo modo, el Propietario no se hace responsable de las interrupciones de la red, las p\u00e9rdidas comerciales derivadas de dichas interrupciones, la suspensi\u00f3n temporal del suministro el\u00e9ctrico o cualquier otro da\u00f1o indirecto que pueda ser causado por factores ajenos al control del Propietario.<\/p>\n<p>Antes de tomar decisiones y\/o emprender acciones basadas en la informaci\u00f3n incluida en el sitio web, el Responsable del tratamiento recomienda que verifique y compare la informaci\u00f3n recibida con otras fuentes.<\/p>\n<p>&nbsp;<\/p>\n<p><strong>Derecho de exclusi\u00f3n\u00a0<\/strong><\/p>\n<p>Titular se reserva el derecho de denegar o retirar el acceso al sitio web y a los servicios ofrecidos sin previo aviso, a su entera discreci\u00f3n o a petici\u00f3n de un tercero, a cualquier usuario que incumpla cualquiera de las condiciones del presente Aviso Legal.<\/p>\n<p>&nbsp;<\/p>\n<p><strong>Jurisdicci\u00f3n<\/strong><\/p>\n<p>El presente Aviso Legal se rige en su totalidad por la legislaci\u00f3n espa\u00f1ola.<\/p>\n<p>Salvo que la ley exija lo contrario, cualquier controversia que surja en relaci\u00f3n con la interpretaci\u00f3n, aplicaci\u00f3n y cumplimiento del presente Aviso Legal, as\u00ed como cualquier reclamaci\u00f3n que pueda derivarse de su uso, se someter\u00e1 a los Juzgados y Tribunales de la provincia de Madrid, con renuncia expresa a cualquier otro fuero que pudiera corresponderles.<\/p>\n<p>&nbsp;<\/p>\n<p><strong>Contacto<\/strong><\/p>\n<p>Si tiene alguna pregunta sobre estas Condiciones Legales o desea realizar alg\u00fan comentario sobre este sitio web, puede enviar un correo electr\u00f3nico a la siguiente direcci\u00f3n: <a href=\"mailto:luquefusters@gmail.com\">luquefusters@gmail.com<\/a><\/p>\n<\/div>","protected":false},"excerpt":{"rendered":"<p>Aviso legal Identificaci\u00f3n y Titularidad En cumplimiento del art\u00edculo 10 de la Ley 34 \/ 2002, de 11 de julio, de Servicios de la Sociedad de la Informaci\u00f3n y Comercio Electr\u00f3nico, el Titular expone sus datos identificativos. &nbsp; Titular: Luque Fusters CIF: 40306989H Domicilio: Carrer de la Riera G\u00e0rrap, 14, 17007 Girona, Spain Correo electr\u00f3nico: [&hellip;]<\/p>\n","protected":false},"author":1,"featured_media":0,"parent":0,"menu_order":0,"comment_status":"closed","ping_status":"closed","template":"","meta":{"site-sidebar-layout":"default","site-content-layout":"","ast-site-content-layout":"default","site-content-style":"default","site-sidebar-style":"default","ast-global-header-display":"","ast-banner-title-visibility":"","ast-main-header-display":"","ast-hfb-above-header-display":"","ast-hfb-below-header-display":"","ast-hfb-mobile-header-display":"","site-post-title":"","ast-breadcrumbs-content":"","ast-featured-img":"","footer-sml-layout":"","ast-disable-related-posts":"","theme-transparent-header-meta":"default","adv-header-id-meta":"","stick-header-meta":"","header-above-stick-meta":"","header-main-stick-meta":"","header-below-stick-meta":"","astra-migrate-meta-layouts":"set","ast-page-background-enabled":"default","ast-page-background-meta":{"desktop":{"background-color":"","background-image":"","background-repeat":"repeat","background-position":"center center","background-size":"auto","background-attachment":"scroll","background-type":"","background-media":"","overlay-type":"","overlay-color":"","overlay-opacity":"","overlay-gradient":""},"tablet":{"background-color":"","background-image":"","background-repeat":"repeat","background-position":"center center","background-size":"auto","background-attachment":"scroll","background-type":"","background-media":"","overlay-type":"","overlay-color":"","overlay-opacity":"","overlay-gradient":""},"mobile":{"background-color":"","background-image":"","background-repeat":"repeat","background-position":"center center","background-size":"auto","background-attachment":"scroll","background-type":"","background-media":"","overlay-type":"","overlay-color":"","overlay-opacity":"","overlay-gradient":""}},"ast-content-background-meta":{"desktop":{"background-color":"var(--ast-global-color-5)","background-image":"","background-repeat":"repeat","background-position":"center center","background-size":"auto","background-attachment":"scroll","background-type":"","background-media":"","overlay-type":"","overlay-color":"","overlay-opacity":"","overlay-gradient":""},"tablet":{"background-color":"var(--ast-global-color-5)","background-image":"","background-repeat":"repeat","background-position":"center center","background-size":"auto","background-attachment":"scroll","background-type":"","background-media":"","overlay-type":"","overlay-color":"","overlay-opacity":"","overlay-gradient":""},"mobile":{"background-color":"var(--ast-global-color-5)","background-image":"","background-repeat":"repeat","background-position":"center center","background-size":"auto","background-attachment":"scroll","background-type":"","background-media":"","overlay-type":"","overlay-color":"","overlay-opacity":"","overlay-gradient":""}},"footnotes":""},"class_list":["post-1925","page","type-page","status-publish","hentry"],"_links":{"self":[{"href":"https:\/\/luquefusters.com\/es\/wp-json\/wp\/v2\/pages\/1925","targetHints":{"allow":["GET"]}}],"collection":[{"href":"https:\/\/luquefusters.com\/es\/wp-json\/wp\/v2\/pages"}],"about":[{"href":"https:\/\/luquefusters.com\/es\/wp-json\/wp\/v2\/types\/page"}],"author":[{"embeddable":true,"href":"https:\/\/luquefusters.com\/es\/wp-json\/wp\/v2\/users\/1"}],"replies":[{"embeddable":true,"href":"https:\/\/luquefusters.com\/es\/wp-json\/wp\/v2\/comments?post=1925"}],"version-history":[{"count":1,"href":"https:\/\/luquefusters.com\/es\/wp-json\/wp\/v2\/pages\/1925\/revisions"}],"predecessor-version":[{"id":1926,"href":"https:\/\/luquefusters.com\/es\/wp-json\/wp\/v2\/pages\/1925\/revisions\/1926"}],"wp:attachment":[{"href":"https:\/\/luquefusters.com\/es\/wp-json\/wp\/v2\/media?parent=1925"}],"curies":[{"name":"WordPress","href":"https:\/\/api.w.org\/{rel}","templated":true}]}}