{"id":1921,"date":"2024-01-10T13:34:24","date_gmt":"2024-01-10T12:34:24","guid":{"rendered":"https:\/\/luquefusters.com\/?page_id=1921"},"modified":"2024-01-22T15:59:25","modified_gmt":"2024-01-22T14:59:25","slug":"accesibilidad","status":"publish","type":"page","link":"https:\/\/luquefusters.com\/es\/accesibilidad\/","title":{"rendered":"Accesibilidad"},"content":{"rendered":"<header class=\"entry-header ast-no-thumbnail\">\n<h1 class=\"entry-title\">Accesibilidad<\/h1>\n<\/header>\n<div class=\"entry-content clear\">\n<p>En <a href=\"http:\/\/luquefusters.com\/es\/\">luquefusters.com<\/a>, Nos esforzamos por ofrecer una experiencia online accesible a todos nuestros usuarios, independientemente de sus capacidades o limitaciones. Creemos firmemente en la inclusi\u00f3n digital y nos comprometemos a garantizar que nuestro sitio web sea accesible para todos los visitantes. En la secci\u00f3n Accesibilidad, encontrar\u00e1 informaci\u00f3n y recursos que hemos implementado para facilitar su navegaci\u00f3n y comprensi\u00f3n de nuestro sitio.<\/p>\n<p>Principios de accesibilidad:<\/p>\n<ol>\n<li>Dise\u00f1o inclusivo: Hemos adoptado un enfoque de dise\u00f1o centrado en el usuario para garantizar que nuestro sitio web sea accesible para todos los visitantes, independientemente de sus capacidades f\u00edsicas o cognitivas. Nos esforzamos por crear un entorno en l\u00ednea que sea intuitivo, f\u00e1cil de usar y comprensible para todos.<\/li>\n<li>Cumplimiento de las normas: Nuestro equipo de desarrollo se compromete a seguir las directrices de accesibilidad establecidas por el World Wide Web Consortium (W3C). Implementamos las recomendaciones de las directrices de accesibilidad conocidas como WCAG 2.1 (Pautas de Accesibilidad al Contenido en la Web) para garantizar la accesibilidad de nuestro sitio web.<\/li>\n<li>Navegaci\u00f3n sencilla: hemos dise\u00f1ado nuestro sitio web para que sea sencillo e intuitivo de navegar. Utilizamos etiquetas claras y descriptivas, as\u00ed como una estructura de navegaci\u00f3n coherente en todas nuestras p\u00e1ginas. Adem\u00e1s, ofrecemos opciones de navegaci\u00f3n alternativas, como men\u00fas desplegables y navegaci\u00f3n por teclado, para satisfacer diferentes necesidades y preferencias.<\/li>\n<li>Contenido adaptado: Nos esforzamos por ofrecer contenidos que sean f\u00e1ciles de entender y adaptables. Utilizamos un lenguaje claro y conciso en nuestros textos y evitamos la jerga t\u00e9cnica innecesaria. Adem\u00e1s, ofrecemos opciones para ajustar el tama\u00f1o y el contraste del texto con el fin de garantizar una legibilidad \u00f3ptima.<\/li>\n<li>Compatibilidad con tecnolog\u00edas de asistencia: Reconocemos la importancia de las tecnolog\u00edas de asistencia para muchas personas con discapacidad. Por lo tanto, nos aseguramos de que nuestro sitio web sea compatible con tecnolog\u00edas como lectores de pantalla, teclados alternativos y software de reconocimiento de voz. Tambi\u00e9n optimizamos la compatibilidad con los est\u00e1ndares web para facilitar el acceso a trav\u00e9s de diferentes dispositivos y navegadores.<\/li>\n<\/ol>\n<p>Nos comprometemos a mejorar continuamente nuestra accesibilidad en l\u00ednea y valoramos los comentarios de nuestros usuarios. Si tiene alguna pregunta, sugerencia o encuentra alguna barrera de accesibilidad en nuestro sitio web, no dude en ponerse en contacto con nuestro equipo de asistencia. Trabajemos juntos para que sea accesible. <a style=\"font-size: 16px; background-color: #ffffff;\" href=\"http:\/\/luquefusters.com\/es\/\">luquefusters.com<\/a><span style=\"font-size: 16px;\">\u00a0ser un espacio inclusivo y accesible para todos.<\/span><\/p>\n<\/div>","protected":false},"excerpt":{"rendered":"<p>Accesibilidad En luquefusters.com, nos esforzamos por brindar una experiencia en l\u00ednea accesible para todos nuestros usuarios, sin importar sus habilidades o limitaciones. Creemos firmemente en la inclusi\u00f3n digital y nos comprometemos a garantizar que nuestro sitio web sea accesible para todos los visitantes. Aqu\u00ed en la secci\u00f3n de Accesibilidad, encontrar\u00e1 informaci\u00f3n y recursos que hemos [&hellip;]<\/p>\n","protected":false},"author":1,"featured_media":0,"parent":0,"menu_order":0,"comment_status":"closed","ping_status":"closed","template":"","meta":{"site-sidebar-layout":"default","site-content-layout":"","ast-site-content-layout":"default","site-content-style":"default","site-sidebar-style":"default","ast-global-header-display":"","ast-banner-title-visibility":"","ast-main-header-display":"","ast-hfb-above-header-display":"","ast-hfb-below-header-display":"","ast-hfb-mobile-header-display":"","site-post-title":"","ast-breadcrumbs-content":"","ast-featured-img":"","footer-sml-layout":"","ast-disable-related-posts":"","theme-transparent-header-meta":"default","adv-header-id-meta":"","stick-header-meta":"","header-above-stick-meta":"","header-main-stick-meta":"","header-below-stick-meta":"","astra-migrate-meta-layouts":"set","ast-page-background-enabled":"default","ast-page-background-meta":{"desktop":{"background-color":"","background-image":"","background-repeat":"repeat","background-position":"center center","background-size":"auto","background-attachment":"scroll","background-type":"","background-media":"","overlay-type":"","overlay-color":"","overlay-opacity":"","overlay-gradient":""},"tablet":{"background-color":"","background-image":"","background-repeat":"repeat","background-position":"center center","background-size":"auto","background-attachment":"scroll","background-type":"","background-media":"","overlay-type":"","overlay-color":"","overlay-opacity":"","overlay-gradient":""},"mobile":{"background-color":"","background-image":"","background-repeat":"repeat","background-position":"center center","background-size":"auto","background-attachment":"scroll","background-type":"","background-media":"","overlay-type":"","overlay-color":"","overlay-opacity":"","overlay-gradient":""}},"ast-content-background-meta":{"desktop":{"background-color":"var(--ast-global-color-5)","background-image":"","background-repeat":"repeat","background-position":"center center","background-size":"auto","background-attachment":"scroll","background-type":"","background-media":"","overlay-type":"","overlay-color":"","overlay-opacity":"","overlay-gradient":""},"tablet":{"background-color":"var(--ast-global-color-5)","background-image":"","background-repeat":"repeat","background-position":"center center","background-size":"auto","background-attachment":"scroll","background-type":"","background-media":"","overlay-type":"","overlay-color":"","overlay-opacity":"","overlay-gradient":""},"mobile":{"background-color":"var(--ast-global-color-5)","background-image":"","background-repeat":"repeat","background-position":"center center","background-size":"auto","background-attachment":"scroll","background-type":"","background-media":"","overlay-type":"","overlay-color":"","overlay-opacity":"","overlay-gradient":""}},"footnotes":""},"class_list":["post-1921","page","type-page","status-publish","hentry"],"_links":{"self":[{"href":"https:\/\/luquefusters.com\/es\/wp-json\/wp\/v2\/pages\/1921","targetHints":{"allow":["GET"]}}],"collection":[{"href":"https:\/\/luquefusters.com\/es\/wp-json\/wp\/v2\/pages"}],"about":[{"href":"https:\/\/luquefusters.com\/es\/wp-json\/wp\/v2\/types\/page"}],"author":[{"embeddable":true,"href":"https:\/\/luquefusters.com\/es\/wp-json\/wp\/v2\/users\/1"}],"replies":[{"embeddable":true,"href":"https:\/\/luquefusters.com\/es\/wp-json\/wp\/v2\/comments?post=1921"}],"version-history":[{"count":1,"href":"https:\/\/luquefusters.com\/es\/wp-json\/wp\/v2\/pages\/1921\/revisions"}],"predecessor-version":[{"id":1922,"href":"https:\/\/luquefusters.com\/es\/wp-json\/wp\/v2\/pages\/1921\/revisions\/1922"}],"wp:attachment":[{"href":"https:\/\/luquefusters.com\/es\/wp-json\/wp\/v2\/media?parent=1921"}],"curies":[{"name":"WordPress","href":"https:\/\/api.w.org\/{rel}","templated":true}]}}